{"id":44,"date":"2020-09-14T09:58:53","date_gmt":"2020-09-14T09:58:53","guid":{"rendered":"https:\/\/coronavirus.hilfe-selbsthilfe.at\/?page_id=44"},"modified":"2024-09-23T06:38:51","modified_gmt":"2024-09-23T06:38:51","slug":"unsere-persoenliche-einschaetzung","status":"publish","type":"page","link":"https:\/\/coronavirus.hilfe-selbsthilfe.at\/index.php\/unsere-persoenliche-einschaetzung\/","title":{"rendered":"Unsere pers\u00f6nliche Einsch\u00e4tzung"},"content":{"rendered":"\n<p>Ich bin weder Journalist noch Wissenschaftler, noch Verschw\u00f6rungstheoretiker.<br>Ich bin einfach dankbar, dass es Menschen wie Prof. <a rel=\"noreferrer noopener nofollow\" href=\"https:\/\/de.wikipedia.org\/wiki\/Sucharit_Bhakdi\" target=\"_blank\">Dr. Sucharit Bhakdi<\/a> und seine Frau Dr. <a rel=\"noreferrer noopener nofollow\" href=\"https:\/\/de.wikipedia.org\/wiki\/Karina_Rei%C3%9F\" target=\"_blank\">Karina Rei\u00df<\/a>, <a rel=\"noreferrer noopener nofollow\" href=\"https:\/\/de.wikipedia.org\/wiki\/Biologie\" target=\"_blank\">Biologin<\/a> und <a rel=\"noreferrer noopener nofollow\" href=\"https:\/\/de.wikipedia.org\/wiki\/Biochemie\" target=\"_blank\">Biochemikerin<\/a>, gibt. <br><br>Namentlich werden im Lauf der Zeit sicher mehr Personen hier im Blog erw\u00e4hnt.<\/p>\n\n\n\n<figure class=\"wp-block-image size-large\"><a href=\"https:\/\/coronavirus.hilfe-selbsthilfe.at\/index.php\/2020\/09\/14\/dr-bhakdi-und-dr-reiss-in-kiel-ueber-sars-covid2\/\" target=\"_blank\" rel=\"noopener noreferrer\"><img loading=\"lazy\" decoding=\"async\" width=\"500\" height=\"374\" src=\"https:\/\/coronavirus.hilfe-selbsthilfe.at\/wp-content\/uploads\/2020\/09\/Dr_Bhakdi.jpg\" alt=\"\" class=\"wp-image-49\" srcset=\"https:\/\/coronavirus.hilfe-selbsthilfe.at\/wp-content\/uploads\/2020\/09\/Dr_Bhakdi.jpg 500w, https:\/\/coronavirus.hilfe-selbsthilfe.at\/wp-content\/uploads\/2020\/09\/Dr_Bhakdi-300x224.jpg 300w, https:\/\/coronavirus.hilfe-selbsthilfe.at\/wp-content\/uploads\/2020\/09\/Dr_Bhakdi-150x112.jpg 150w, https:\/\/coronavirus.hilfe-selbsthilfe.at\/wp-content\/uploads\/2020\/09\/Dr_Bhakdi-201x150.jpg 201w\" sizes=\"auto, (max-width: 500px) 100vw, 500px\" \/><\/a><figcaption class=\"wp-element-caption\">Prof. Dr. Bhakdi, Dr. Rei\u00df<br><a href=\"https:\/\/coronavirus.hilfe-selbsthilfe.at\/index.php\/2020\/09\/14\/dr-bhakdi-und-dr-reiss-in-kiel-ueber-sars-covid2\/\" target=\"_blank\" rel=\"noreferrer noopener nofollow\">Foto aus Kiel Teil1<\/a> 7.9.2020<\/figcaption><\/figure>\n\n\n\n<p>Link: <a href=\"https:\/\/coronavirus.hilfe-selbsthilfe.at\/index.php\/2020\/09\/14\/dr-bhakdi-und-dr-reiss-in-kiel-ueber-sars-covid2\/\">Videos zu Kiel<\/a><\/p>\n\n\n\n<p>Da ich versuche, vieles zu hinterfragen, auch mich selbst, ist es f\u00fcr mich sehr hilfreich, auf meine &#8222;Ausbildung&#8220; als Yogi zur\u00fcckzugreifen. Man lernt sein Bauchgef\u00fchl zu verfeinern und kann so ohne zus\u00e4tzliche Mittel Sachverhalte, Menschen und anderes besser f\u00fchlen und wahrnehmen.<\/p>\n\n\n\n<p>Viren hat es schon immer gegeben. Wir sind praktisch von Viren umgeben. Wenn wir ein gutes Immunsystem haben, wird es in der Regel auch keine gro\u00dfartigen Probleme mit Viren geben. <\/p>\n\n\n\n<p>Haben wir Vorerkrankungen oder ist unser Immunsystem anderweitig geschw\u00e4cht, so sollten wir Grippeviren (Influenza, echte Grippe) und Coronavirus (Sars-Cov2) mit Vorsicht genie\u00dfen. <\/p>\n\n\n\n<blockquote class=\"wp-block-quote is-layout-flow wp-block-quote-is-layout-flow\">\n<p>Angst ist ein schlechter Ratgeber.<br>Never take counsel of your fears.<\/p>\n<cite>Andrew Jackson <small>US-amerikanischer Politiker, 7. Pr\u00e4sident der USA<\/small> <\/cite><\/blockquote>\n\n\n\n<p>Es gibt eine Vielzahl von Faktoren, die unseren physischen, emotionalen und geistigen K\u00f6rper schw\u00e4chen. Dazu geh\u00f6ren<\/p>\n\n\n\n<ul class=\"wp-block-list\">\n<li>Angst<\/li>\n\n\n\n<li>Schuldgef\u00fchle<\/li>\n\n\n\n<li>physische Ersch\u00f6pfung<\/li>\n\n\n\n<li>Stress<\/li>\n\n\n\n<li>Nervosit\u00e4t<\/li>\n\n\n\n<li>flache Atmung, zuwenig Sauerstoff<\/li>\n\n\n\n<li>Zorn<\/li>\n\n\n\n<li>Hass<\/li>\n\n\n\n<li>Gier<\/li>\n\n\n\n<li>Neid<\/li>\n\n\n\n<li>Eifersucht<\/li>\n\n\n\n<li>etc.<\/li>\n<\/ul>\n\n\n\n<p>Angst kann man z.B. mit Wissen entgegenwirken, im Fall von Covid-19 (Coronavirus) sollte man sich mal die Fakten ansehen. Dazu empfehle ich als Einstieg dieses <a href=\"https:\/\/coronavirus.hilfe-selbsthilfe.at\/index.php\/2020\/09\/14\/wissenschaft-mal-anders\/\">Video<\/a>. Die Fakten sind interessanterweise vom RKI Deutschland (<a href=\"https:\/\/www.rki.de\/\" target=\"_blank\" rel=\"noreferrer noopener nofollow\">Robert-Koch-Institut<\/a>), nur kritisch hinterfragt.<\/p>\n\n\n\n<p>Die positiven Faktoren, die uns Gesund halten oder auch zu Gesundheit beitragen:<\/p>\n\n\n\n<ul class=\"wp-block-list\">\n<li>Liebe<\/li>\n\n\n\n<li>Lachen<\/li>\n\n\n\n<li>Dankbarkeit<\/li>\n\n\n\n<li>Singen<\/li>\n\n\n\n<li>Tanzen<\/li>\n\n\n\n<li>Spazieren, Wandern<\/li>\n\n\n\n<li>Sport<\/li>\n\n\n\n<li>Gartenarbeit<\/li>\n\n\n\n<li>Meditieren<\/li>\n\n\n\n<li>Zeit mit Kindern, der Familie verbringen<\/li>\n\n\n\n<li>etc.<\/li>\n<\/ul>\n\n\n\n<h2 class=\"wp-block-heading\">Meine pers\u00f6nliche Meinung<\/h2>\n\n\n<p>[su_box title=&#8220;Meine pers\u00f6nliche Meinung&#8220; box_color=&#8220;#f7c7c7&#8243; title_color=&#8220;#27520c&#8220;]<\/p>\n<p>F\u00fcr mich, nach <strong><span class=\"has-inline-color has-vivid-red-color\">meinem Gef\u00fchl<\/span><\/strong>, ergibt sich folgende Situation:<\/p>\n<p>Sars-Cov2 ist vom Verhalten her \u00e4hnlich der Influenza (echte Grippe). Die Sterblichkeitsrate d\u00fcrfte in etwa gleich hoch sein. <\/p>\n<p>Jeder der infiziert ist, ist nicht automatisch krank.<\/p>\n<p>Wer nicht krank ist, \u00fcbertr\u00e4gt auch nicht das Virus.<\/p>\n<p>Das Virus ist aggressiver in der \u00dcbertragung als das Influenza Virus.<\/p>\n<p>Der PCR Test, der haupts\u00e4chlich zum Testen verwendet wird, schafft durch seine Ungenauigkeit falsch positive Messungen, die dann f\u00fcr die Ma\u00dfnahmen der Regierungen herangezogen werden. Je mehr Messungen, desto mehr falsch positive Ergebnisse!<\/p>\n<p>Es gibt eine simple L\u00f6sung f\u00fcr diesen PCR-Test: Reduktion der Reproduktionszyklen auf ca. 25, bei positiver Testung steigert sich dadurch die Wahrscheinlichkeit einer hohen Virenlast bzw. der F\u00e4higkeit zur Reproduktion des Virus (sinngem\u00e4\u00df nach <i>Frau Prof. Dr. Ulrike K\u00e4mmerer \u2013 Virologin und Immunologin<\/i>).<\/p>\n<p>\nUpdate 13.1.2021<br \/>\nInteressant ist auch die Herdenimmunit\u00e4t bez\u00fcglich Sars-Cov2. Gef\u00fchlsm\u00e4\u00dfig liegt die in \u00d6sterreich mittlerweile bei ca. 80%, Impfungen helfen dabei nicht bzw. sind meines Erachtens kontraproduktiv!\n<\/p>\n<p>\nUpdate 22.5.2021<br \/>\nDas Sars-Cov2 Virus verursacht im Gegensatz zur Grippe Gef\u00e4\u00dfsch\u00e4digungen &#8211; Gef\u00e4\u00dfentz\u00fcndungen, Thrombosen und Embolien, attackiert auch die Nieren.\n<\/p>\n<p>[\/su_box]<\/p>\n\n\n\n<p>Wie gesagt, ist das meine pers\u00f6nliche Meinung, das was ich sp\u00fcre.<\/p>\n\n\n\n<p>Was Ma\u00dfnahmen wie die Schutzmaske (MNS Mund-Nasen-Schutz) angeht, gibt es ja auch viele Meinungen. Wenn aktuell kaum Sars-Cov2 Erkrankte sind, wozu dann fl\u00e4chendeckend Masken? Besser dort sch\u00fctzen, wo sich gef\u00e4hrdete Menschen aufhalten. Bez\u00fcglich MNS Masken hier eine aktuelle <a href=\"https:\/\/coronavirus.hilfe-selbsthilfe.at\/index.php\/2020\/11\/28\/masken-kohlendioxid-test\/\" rel=\"nofollow\">Testung<\/a> und hier Studien \u00fcber div. Maskenarten und deren Wirkungslosigkeit bez\u00fcglich Viren: <a href=\"https:\/\/www.aerzte-fuer-aufklaerung.de\/masken\/\" target=\"_blank\" rel=\"noreferrer noopener\">\u00c4rzte f\u00fcr Aufkl\u00e4rung<\/a>.<\/p>\n\n\n\n<h2 class=\"wp-block-heading\"><strong><em>offener Brief an den Herrn Bundespr\u00e4sidenten Prof. Dr. van der Bellen<\/em><\/strong><\/h2>\n\n\n\n<h3 class=\"wp-block-heading\"><a href=\"#brief\" rel=\"nofollow\">Brief als PDF<\/a><\/h3>\n\n\n<p>An die<br \/>\u00d6sterreichische Pr\u00e4sidentschaftskanzlei<br \/>Hofburg, Ballhausplatz, 1010 Wien<br \/>z. Hd. Herrn Bundespr\u00e4sident Alexander van der Bellen&nbsp; &nbsp; &nbsp;Thei\u00df, 13.11.2020<br \/>Sehr geehrter Herr Bundespr\u00e4sident Prof. Dr. van der Bellen!<br \/>Wir m\u00f6chten Ihnen als Staatsoberhaupt Informationen &#8222;von der Stra\u00dfe&#8220; zukommen lassen. Die derzeit g\u00fcltigen Ma\u00dfnahmen betreffend Covid-19 werden hoffentlich nur aus Angst getroffen\u2026.<\/p>\n<p>Ein nicht standardisierter Test (PCR-Test), wird als Grundlage f\u00fcr massive Einschr\u00e4nkungen in unser Leben hergenommen. Ma\u00dfnahmen zu Covid-19 betreffen nicht nur Personen, die wir sch\u00fctzen m\u00fcssen, sondern alle.<br \/>Die Medien verbreiten Angst bez\u00fcglich des &#8222;Coronavirus&#8220;, als ob wir keine anderen Probleme zu l\u00f6sen h\u00e4tten.<\/p>\n<p>Hier in \u00d6sterreich haben wir eine Task Force, in der wirklich gute \u00c4rzte sitzen. Warum wird der Politik die Macht gegeben, Ma\u00dfnahmen zu treffen, wof\u00fcr die \u00c4rzte eigentlich zust\u00e4ndig sind, n\u00e4mlich uns gesundheitlich im Kollektiv sowie auch individuell zu unterst\u00fctzen.<\/p>\n<p>Anfangs war die Zur\u00fccknahme des \u00f6ffentlichen Lebens durchaus sinnvoll, weil das Virus unbekannt war und seitens der Medizin als ausgesprochen aggressiv und gef\u00e4hrlich eingestuft wurde. Heute kann keiner unserer Politiker dar\u00fcber hinwegsehen, dass die WHO ihre Prognosen zur\u00fcckgenommen und eine Sterblichkeit \u00e4hnlich der Influenzagrippe festgestellt hat. Unser privates und \u00f6ffentliches Leben wird von Zahlen \u00fcber &#8222;Infizierte&#8220; diktiert. Diese Zahlen haben keinerlei Aussagekraft, wenn sie nicht in einem Kontext gesehen werden. Es sterben laut RKI in Deutschland nicht wesentlich mehr oder weniger Menschen als in den vergangenen Jahren. Wie kommt es also, dass nur auf die &#8222;Infizierten&#8220;-Zahlen geschaut wird?<\/p>\n<p>Die Erkl\u00e4rung ist einfach, da es bereits mehrere Wissenschaftler erw\u00e4hnt haben. Der PCR-Test, der f\u00fcr die Tests verwendet wird, findet Teile eines Virus. Das ist gut. Leider wird in den meisten Testeinrichtungen die Anzahl der Zyklen, um die Proben zu vervielfachen, lt. den Wissenschaftlern, zu hoch angesetzt (30-40 Zyklen). Das bedeutet, dass jeder, der nur irgendwie mit dem Virus in Verbindung gekommen ist und dadurch Teile des Virus noch vorhanden sind, als &#8222;positiv&#8220; getestet wird. Und das KANN bedeuten, dass man ein reproduktionsf\u00e4higes Virus in sich tr\u00e4gt. Muss es aber nicht. UND dieser Test ist eigentlich nicht f\u00fcr die Diagnostik geeignet (O-Ton Prof. Dr. Drosten).<\/p>\n<p>Es gibt eine simple L\u00f6sung f\u00fcr diesen PCR-Test: Reduktion der Reproduktionszyklen auf ca. 25, bei positiver Testung steigert sich dadurch die Wahrscheinlichkeit einer hohen Virenlast bzw. der F\u00e4higkeit zur Reproduktion des Virus (sinngem\u00e4\u00df nach Frau Prof. Dr. Ulrike K\u00e4mmerer \u2013 Virologin und Immunologin).<\/p>\n<p>Wie auch immer, Sie, sehr geehrter Herr Bundespr\u00e4sident, auf diese Situation einwirken k\u00f6nnen, wir bitten Sie darum, ihr M\u00f6glichstes zu geben, unser Rechtesystem wiederherzustellen, das durch das Pandemiegesetz ausgehebelt wurde. Denn eine Impfung, wie sie gerne propagiert wird, ist nicht die L\u00f6sung bzw. das Ende der &#8222;Pandemie&#8220;. Wie bei der Grippe kann und wird das Virus sich \u00e4ndern, somit w\u00e4re es vern\u00fcnftiger, unser Immunsystem zu st\u00e4rken.<\/p>\n<p>Hochachtungsvoll und mit freundlichen Gr\u00fc\u00dfen<br \/><em>Friedrich Langer, Thei\u00df<\/em>&nbsp;<\/p>\n<p>PS: Wir w\u00fcnschen Ihnen aus ganzem Herzen recht baldige Besserung.<\/p>\n\n\n<h3 id=\"brief\">Brief als PDF<\/h3>\n<iframe loading=\"lazy\" src=\"https:\/\/coronavirus.hilfe-selbsthilfe.at\/wp-content\/uploads\/2020\/11\/Web_Brief-an-Herrn-Bundespraesident-van-der-Bellen.pdf#toolbar=0\" width=\"100%\" height=\"700px\">\n    <\/iframe>\n\n\n\n<p>Diese Webseite ist ein &#8222;Ableger&#8220; von <a href=\"https:\/\/hilfe-selbsthilfe.at\" target=\"_blank\" rel=\"noreferrer noopener nofollow\">Hilfe mit Selbsthilfe<\/a>.<\/p>\n","protected":false},"excerpt":{"rendered":"<p>Ich bin weder Journalist noch Wissenschaftler, noch Verschw\u00f6rungstheoretiker.Ich bin einfach dankbar, dass es Menschen wie Prof. Dr. Sucharit Bhakdi und seine Frau Dr. Karina Rei\u00df, Biologin und Biochemikerin, gibt. Namentlich werden im Lauf der Zeit sicher mehr Personen hier im Blog erw\u00e4hnt. Link: Videos zu Kiel Da ich versuche, vieles&#8230; <a class=\"continue-reading-link\" href=\"https:\/\/coronavirus.hilfe-selbsthilfe.at\/index.php\/unsere-persoenliche-einschaetzung\/\">weiterlesen <span class=\"meta-nav\">&rarr; <\/span><\/a><\/p>\n","protected":false},"author":1,"featured_media":0,"parent":0,"menu_order":0,"comment_status":"closed","ping_status":"closed","template":"","meta":{"footnotes":""},"class_list":["post-44","page","type-page","status-publish","hentry"],"yoast_head":"<!-- This site is optimized with the Yoast SEO plugin v27.3 - https:\/\/yoast.com\/product\/yoast-seo-wordpress\/ -->\n<title>Unsere pers\u00f6nliche Einsch\u00e4tzung - Coronavirus - Sars-Cov2<\/title>\n<meta name=\"description\" content=\"Sars-Cov2 Coronavirus pers\u00f6nliche Meinung mit sehr viel Bauchgef\u00fchl, Dank an Dr. Rei\u00df und Dr. Bhakdi, DDr. Martin Haditsch etc.\" \/>\n<meta name=\"robots\" content=\"index, follow, max-snippet:-1, max-video-preview:-1, noimageindex\" \/>\n<link rel=\"canonical\" href=\"https:\/\/coronavirus.hilfe-selbsthilfe.at\/index.php\/unsere-persoenliche-einschaetzung\/\" \/>\n<meta property=\"og:locale\" content=\"de_DE\" \/>\n<meta property=\"og:type\" content=\"article\" \/>\n<meta property=\"og:title\" content=\"Unsere pers\u00f6nliche Einsch\u00e4tzung - Coronavirus - Sars-Cov2\" \/>\n<meta property=\"og:description\" content=\"Sars-Cov2 Coronavirus pers\u00f6nliche Meinung mit sehr viel Bauchgef\u00fchl, Dank an Dr. Rei\u00df und Dr. Bhakdi, DDr. Martin Haditsch etc.\" \/>\n<meta property=\"og:url\" content=\"https:\/\/coronavirus.hilfe-selbsthilfe.at\/index.php\/unsere-persoenliche-einschaetzung\/\" \/>\n<meta property=\"og:site_name\" content=\"Coronavirus - Sars-Cov2\" \/>\n<meta property=\"article:modified_time\" content=\"2024-09-23T06:38:51+00:00\" \/>\n<meta property=\"og:image\" content=\"https:\/\/coronavirus.hilfe-selbsthilfe.at\/wp-content\/uploads\/2020\/09\/Dr_Bhakdi.jpg\" \/>\n<meta name=\"twitter:card\" content=\"summary_large_image\" \/>\n<meta name=\"twitter:label1\" content=\"Gesch\u00e4tzte Lesezeit\" \/>\n\t<meta name=\"twitter:data1\" content=\"6\u00a0Minuten\" \/>\n<script type=\"application\/ld+json\" class=\"yoast-schema-graph\">{\"@context\":\"https:\\\/\\\/schema.org\",\"@graph\":[{\"@type\":\"WebPage\",\"@id\":\"https:\\\/\\\/coronavirus.hilfe-selbsthilfe.at\\\/index.php\\\/unsere-persoenliche-einschaetzung\\\/\",\"url\":\"https:\\\/\\\/coronavirus.hilfe-selbsthilfe.at\\\/index.php\\\/unsere-persoenliche-einschaetzung\\\/\",\"name\":\"Unsere pers\u00f6nliche Einsch\u00e4tzung - Coronavirus - Sars-Cov2\",\"isPartOf\":{\"@id\":\"https:\\\/\\\/coronavirus.hilfe-selbsthilfe.at\\\/#website\"},\"primaryImageOfPage\":{\"@id\":\"https:\\\/\\\/coronavirus.hilfe-selbsthilfe.at\\\/index.php\\\/unsere-persoenliche-einschaetzung\\\/#primaryimage\"},\"image\":{\"@id\":\"https:\\\/\\\/coronavirus.hilfe-selbsthilfe.at\\\/index.php\\\/unsere-persoenliche-einschaetzung\\\/#primaryimage\"},\"thumbnailUrl\":\"https:\\\/\\\/coronavirus.hilfe-selbsthilfe.at\\\/wp-content\\\/uploads\\\/2020\\\/09\\\/Dr_Bhakdi.jpg\",\"datePublished\":\"2020-09-14T09:58:53+00:00\",\"dateModified\":\"2024-09-23T06:38:51+00:00\",\"description\":\"Sars-Cov2 Coronavirus pers\u00f6nliche Meinung mit sehr viel Bauchgef\u00fchl, Dank an Dr. Rei\u00df und Dr. Bhakdi, DDr. Martin Haditsch etc.\",\"breadcrumb\":{\"@id\":\"https:\\\/\\\/coronavirus.hilfe-selbsthilfe.at\\\/index.php\\\/unsere-persoenliche-einschaetzung\\\/#breadcrumb\"},\"inLanguage\":\"de\",\"potentialAction\":[{\"@type\":\"ReadAction\",\"target\":[\"https:\\\/\\\/coronavirus.hilfe-selbsthilfe.at\\\/index.php\\\/unsere-persoenliche-einschaetzung\\\/\"]}]},{\"@type\":\"ImageObject\",\"inLanguage\":\"de\",\"@id\":\"https:\\\/\\\/coronavirus.hilfe-selbsthilfe.at\\\/index.php\\\/unsere-persoenliche-einschaetzung\\\/#primaryimage\",\"url\":\"https:\\\/\\\/coronavirus.hilfe-selbsthilfe.at\\\/wp-content\\\/uploads\\\/2020\\\/09\\\/Dr_Bhakdi.jpg\",\"contentUrl\":\"https:\\\/\\\/coronavirus.hilfe-selbsthilfe.at\\\/wp-content\\\/uploads\\\/2020\\\/09\\\/Dr_Bhakdi.jpg\",\"width\":500,\"height\":374},{\"@type\":\"BreadcrumbList\",\"@id\":\"https:\\\/\\\/coronavirus.hilfe-selbsthilfe.at\\\/index.php\\\/unsere-persoenliche-einschaetzung\\\/#breadcrumb\",\"itemListElement\":[{\"@type\":\"ListItem\",\"position\":1,\"name\":\"Startseite\",\"item\":\"https:\\\/\\\/coronavirus.hilfe-selbsthilfe.at\\\/\"},{\"@type\":\"ListItem\",\"position\":2,\"name\":\"Unsere pers\u00f6nliche Einsch\u00e4tzung\"}]},{\"@type\":\"WebSite\",\"@id\":\"https:\\\/\\\/coronavirus.hilfe-selbsthilfe.at\\\/#website\",\"url\":\"https:\\\/\\\/coronavirus.hilfe-selbsthilfe.at\\\/\",\"name\":\"Coronavirus - Sars-Cov2\",\"description\":\"Angst und Manipulation\",\"publisher\":{\"@id\":\"https:\\\/\\\/coronavirus.hilfe-selbsthilfe.at\\\/#\\\/schema\\\/person\\\/9bbf469b3455003b61ca56f6267b6a32\"},\"potentialAction\":[{\"@type\":\"SearchAction\",\"target\":{\"@type\":\"EntryPoint\",\"urlTemplate\":\"https:\\\/\\\/coronavirus.hilfe-selbsthilfe.at\\\/?s={search_term_string}\"},\"query-input\":{\"@type\":\"PropertyValueSpecification\",\"valueRequired\":true,\"valueName\":\"search_term_string\"}}],\"inLanguage\":\"de\"},{\"@type\":[\"Person\",\"Organization\"],\"@id\":\"https:\\\/\\\/coronavirus.hilfe-selbsthilfe.at\\\/#\\\/schema\\\/person\\\/9bbf469b3455003b61ca56f6267b6a32\",\"name\":\"Fritz\",\"logo\":{\"@id\":\"https:\\\/\\\/coronavirus.hilfe-selbsthilfe.at\\\/#\\\/schema\\\/person\\\/image\\\/\"},\"sameAs\":[\"https:\\\/\\\/coronavirus.hilfe-selbsthilfe.at\"]}]}<\/script>\n<!-- \/ Yoast SEO plugin. -->","yoast_head_json":{"title":"Unsere pers\u00f6nliche Einsch\u00e4tzung - Coronavirus - Sars-Cov2","description":"Sars-Cov2 Coronavirus pers\u00f6nliche Meinung mit sehr viel Bauchgef\u00fchl, Dank an Dr. Rei\u00df und Dr. Bhakdi, DDr. Martin Haditsch etc.","robots":{"index":"index","follow":"follow","max-snippet":"max-snippet:-1","max-video-preview":"max-video-preview:-1","imageindex":"noimageindex"},"canonical":"https:\/\/coronavirus.hilfe-selbsthilfe.at\/index.php\/unsere-persoenliche-einschaetzung\/","og_locale":"de_DE","og_type":"article","og_title":"Unsere pers\u00f6nliche Einsch\u00e4tzung - Coronavirus - Sars-Cov2","og_description":"Sars-Cov2 Coronavirus pers\u00f6nliche Meinung mit sehr viel Bauchgef\u00fchl, Dank an Dr. Rei\u00df und Dr. Bhakdi, DDr. Martin Haditsch etc.","og_url":"https:\/\/coronavirus.hilfe-selbsthilfe.at\/index.php\/unsere-persoenliche-einschaetzung\/","og_site_name":"Coronavirus - Sars-Cov2","article_modified_time":"2024-09-23T06:38:51+00:00","og_image":[{"url":"https:\/\/coronavirus.hilfe-selbsthilfe.at\/wp-content\/uploads\/2020\/09\/Dr_Bhakdi.jpg","type":"","width":"","height":""}],"twitter_card":"summary_large_image","twitter_misc":{"Gesch\u00e4tzte Lesezeit":"6\u00a0Minuten"},"schema":{"@context":"https:\/\/schema.org","@graph":[{"@type":"WebPage","@id":"https:\/\/coronavirus.hilfe-selbsthilfe.at\/index.php\/unsere-persoenliche-einschaetzung\/","url":"https:\/\/coronavirus.hilfe-selbsthilfe.at\/index.php\/unsere-persoenliche-einschaetzung\/","name":"Unsere pers\u00f6nliche Einsch\u00e4tzung - Coronavirus - Sars-Cov2","isPartOf":{"@id":"https:\/\/coronavirus.hilfe-selbsthilfe.at\/#website"},"primaryImageOfPage":{"@id":"https:\/\/coronavirus.hilfe-selbsthilfe.at\/index.php\/unsere-persoenliche-einschaetzung\/#primaryimage"},"image":{"@id":"https:\/\/coronavirus.hilfe-selbsthilfe.at\/index.php\/unsere-persoenliche-einschaetzung\/#primaryimage"},"thumbnailUrl":"https:\/\/coronavirus.hilfe-selbsthilfe.at\/wp-content\/uploads\/2020\/09\/Dr_Bhakdi.jpg","datePublished":"2020-09-14T09:58:53+00:00","dateModified":"2024-09-23T06:38:51+00:00","description":"Sars-Cov2 Coronavirus pers\u00f6nliche Meinung mit sehr viel Bauchgef\u00fchl, Dank an Dr. Rei\u00df und Dr. Bhakdi, DDr. Martin Haditsch etc.","breadcrumb":{"@id":"https:\/\/coronavirus.hilfe-selbsthilfe.at\/index.php\/unsere-persoenliche-einschaetzung\/#breadcrumb"},"inLanguage":"de","potentialAction":[{"@type":"ReadAction","target":["https:\/\/coronavirus.hilfe-selbsthilfe.at\/index.php\/unsere-persoenliche-einschaetzung\/"]}]},{"@type":"ImageObject","inLanguage":"de","@id":"https:\/\/coronavirus.hilfe-selbsthilfe.at\/index.php\/unsere-persoenliche-einschaetzung\/#primaryimage","url":"https:\/\/coronavirus.hilfe-selbsthilfe.at\/wp-content\/uploads\/2020\/09\/Dr_Bhakdi.jpg","contentUrl":"https:\/\/coronavirus.hilfe-selbsthilfe.at\/wp-content\/uploads\/2020\/09\/Dr_Bhakdi.jpg","width":500,"height":374},{"@type":"BreadcrumbList","@id":"https:\/\/coronavirus.hilfe-selbsthilfe.at\/index.php\/unsere-persoenliche-einschaetzung\/#breadcrumb","itemListElement":[{"@type":"ListItem","position":1,"name":"Startseite","item":"https:\/\/coronavirus.hilfe-selbsthilfe.at\/"},{"@type":"ListItem","position":2,"name":"Unsere pers\u00f6nliche Einsch\u00e4tzung"}]},{"@type":"WebSite","@id":"https:\/\/coronavirus.hilfe-selbsthilfe.at\/#website","url":"https:\/\/coronavirus.hilfe-selbsthilfe.at\/","name":"Coronavirus - Sars-Cov2","description":"Angst und Manipulation","publisher":{"@id":"https:\/\/coronavirus.hilfe-selbsthilfe.at\/#\/schema\/person\/9bbf469b3455003b61ca56f6267b6a32"},"potentialAction":[{"@type":"SearchAction","target":{"@type":"EntryPoint","urlTemplate":"https:\/\/coronavirus.hilfe-selbsthilfe.at\/?s={search_term_string}"},"query-input":{"@type":"PropertyValueSpecification","valueRequired":true,"valueName":"search_term_string"}}],"inLanguage":"de"},{"@type":["Person","Organization"],"@id":"https:\/\/coronavirus.hilfe-selbsthilfe.at\/#\/schema\/person\/9bbf469b3455003b61ca56f6267b6a32","name":"Fritz","logo":{"@id":"https:\/\/coronavirus.hilfe-selbsthilfe.at\/#\/schema\/person\/image\/"},"sameAs":["https:\/\/coronavirus.hilfe-selbsthilfe.at"]}]}},"_links":{"self":[{"href":"https:\/\/coronavirus.hilfe-selbsthilfe.at\/index.php\/wp-json\/wp\/v2\/pages\/44","targetHints":{"allow":["GET"]}}],"collection":[{"href":"https:\/\/coronavirus.hilfe-selbsthilfe.at\/index.php\/wp-json\/wp\/v2\/pages"}],"about":[{"href":"https:\/\/coronavirus.hilfe-selbsthilfe.at\/index.php\/wp-json\/wp\/v2\/types\/page"}],"author":[{"embeddable":true,"href":"https:\/\/coronavirus.hilfe-selbsthilfe.at\/index.php\/wp-json\/wp\/v2\/users\/1"}],"replies":[{"embeddable":true,"href":"https:\/\/coronavirus.hilfe-selbsthilfe.at\/index.php\/wp-json\/wp\/v2\/comments?post=44"}],"version-history":[{"count":20,"href":"https:\/\/coronavirus.hilfe-selbsthilfe.at\/index.php\/wp-json\/wp\/v2\/pages\/44\/revisions"}],"predecessor-version":[{"id":687,"href":"https:\/\/coronavirus.hilfe-selbsthilfe.at\/index.php\/wp-json\/wp\/v2\/pages\/44\/revisions\/687"}],"wp:attachment":[{"href":"https:\/\/coronavirus.hilfe-selbsthilfe.at\/index.php\/wp-json\/wp\/v2\/media?parent=44"}],"curies":[{"name":"wp","href":"https:\/\/api.w.org\/{rel}","templated":true}]}}